{"id":488,"date":"2015-08-29T13:22:53","date_gmt":"2015-08-29T11:22:53","guid":{"rendered":"http:\/\/localhost:8888\/awf\/?page_id=194"},"modified":"2019-05-15T11:58:24","modified_gmt":"2019-05-15T09:58:24","slug":"impressum","status":"publish","type":"page","link":"https:\/\/auto-wellness-forst.de\/?page_id=488","title":{"rendered":"Impressum"},"content":{"rendered":"<h2 class=\"uk-h3\">INHABER DER WEBSITE UND F\u00dcR DEN INHALT VERANTWORTLICH<\/h2>\n<p>Auto-Wellness-Forst<br \/>\nPeter Hillenbrand<br \/>\nBurgweg 10<br \/>\nD-76694 Forst<\/p>\n<p>Telefon: +49 (0)7251 \u2013 92 310 93\u00a0\u00a0\u00a0\u00a0 oder\u00a0\u00a0\u00a0\u00a0 +49 (0)7251 &#8211; 101 99<br \/>\nMobil: +49 (0)160 \u2013 854 854 7<br \/>\nGesch\u00e4ftsf\u00fchrer\/Inhaber: Peter Hillenbrand<br \/>\nGerichtsstand: Bruchsal<br \/>\nUSt-IdNr.: 30367 38366<\/p>\n<h2 class=\"uk-h3\">INHALTLICH VERANTWORTLICHER GEM\u00c4SS 5 TMG (TELEMEDIENGESETZ) \u2013 \u00a7 10 ABSATZ 3 MDSTV:<\/h2>\n<p>Peter Hillenbrand<br \/>\nBurgweg 10<br \/>\nD-76694 Forst<\/p>\n<h2 class=\"uk-h3\">AGB<\/h2>\n<p>Laut Aushang in den Gesch\u00e4ftsr\u00e4umen<\/p>\n<h2 class=\"uk-h3\">HAFTUNGSAUSSCHLUSS\/DISCLAIMER<\/h2>\n<p>Trotz sorgf\u00e4ltiger Arbeit bei den angebotenen Informationen, kann keine Gew\u00e4hr \u00fcbernommen werden, dass alle Angaben stets vollst\u00e4ndig, richtig und aktuell sind. F\u00fcr Inhalte externer Websites, auf die \u00fcber Links verwiesen wird, sind wir nicht verantwortlich. Auto-wellness-forst.de beh\u00e4lt sich vor, den Inhalt ohne Ank\u00fcndigung abzu\u00e4ndern, zu entfernen oder zu erg\u00e4nzen.<br \/>\nAlle genannten Markennamen und Warenzeichen sind Markennamen und Warenzeichen der jeweiligen Markeninhaber. Nach einer Entscheidung des Langerichts Hamburg vom 12.05.1998 \u2013 Aktenzeichen 312 O 85\/98 \u2013 hat jeder Betreiber einer Webseite, die Inhalte von Seiten mitzuverantworten, auf die er einen Link gesetzt hat, insofern er sich nicht ausdr\u00fccklich davon distanziert.Trotz sorgf\u00e4ltiger inhaltlicher Kontrolle \u00fcbernehmen wir keine Haftung f\u00fcr die Inhalte externer Links. F\u00fcr den Inhalt der verlinkten Seiten sind ausschlie\u00dflich deren Betreiber verantwortlich.<\/p>\n<h2 class=\"uk-h3\">\u00a0DSGVO : <a href=\"https:\/\/auto-wellness-forst.de\/?page_id=692\">zu unserer Datenschutzerkl\u00e4rung. Link folgen<\/a><\/h2>\n","protected":false},"excerpt":{"rendered":"<p>INHABER DER WEBSITE UND F\u00dcR DEN INHALT VERANTWORTLICH Auto-Wellness-Forst Peter Hillenbrand Burgweg 10 D-76694 Forst Telefon: +49 (0)7251 \u2013 92 310 93\u00a0\u00a0\u00a0\u00a0 oder\u00a0\u00a0\u00a0\u00a0 +49 (0)7251 &#8211; 101 99 Mobil: +49 (0)160 \u2013 854 854 7 Gesch\u00e4ftsf\u00fchrer\/Inhaber: Peter Hillenbrand Gerichtsstand: Bruchsal USt-IdNr.: 30367 38366 INHALTLICH VERANTWORTLICHER GEM\u00c4SS 5 TMG (TELEMEDIENGESETZ) \u2013 \u00a7 10 ABSATZ 3 MDSTV: Peter Hillenbrand Burgweg 10 D-76694 Forst AGB Laut Aushang in den Gesch\u00e4ftsr\u00e4umen HAFTUNGSAUSSCHLUSS\/DISCLAIMER Trotz sorgf\u00e4ltiger Arbeit bei den angebotenen Informationen, kann keine Gew\u00e4hr \u00fcbernommen werden, dass alle Angaben stets vollst\u00e4ndig, richtig und aktuell sind. F\u00fcr Inhalte externer Websites, auf die \u00fcber Links verwiesen wird, sind &#8230;<\/p>\n","protected":false},"author":2,"featured_media":0,"parent":0,"menu_order":0,"comment_status":"closed","ping_status":"closed","template":"","meta":{"footnotes":""},"class_list":["post-488","page","type-page","status-publish","hentry"],"_links":{"self":[{"href":"https:\/\/auto-wellness-forst.de\/index.php?rest_route=\/wp\/v2\/pages\/488","targetHints":{"allow":["GET"]}}],"collection":[{"href":"https:\/\/auto-wellness-forst.de\/index.php?rest_route=\/wp\/v2\/pages"}],"about":[{"href":"https:\/\/auto-wellness-forst.de\/index.php?rest_route=\/wp\/v2\/types\/page"}],"author":[{"embeddable":true,"href":"https:\/\/auto-wellness-forst.de\/index.php?rest_route=\/wp\/v2\/users\/2"}],"replies":[{"embeddable":true,"href":"https:\/\/auto-wellness-forst.de\/index.php?rest_route=%2Fwp%2Fv2%2Fcomments&post=488"}],"version-history":[{"count":10,"href":"https:\/\/auto-wellness-forst.de\/index.php?rest_route=\/wp\/v2\/pages\/488\/revisions"}],"predecessor-version":[{"id":705,"href":"https:\/\/auto-wellness-forst.de\/index.php?rest_route=\/wp\/v2\/pages\/488\/revisions\/705"}],"wp:attachment":[{"href":"https:\/\/auto-wellness-forst.de\/index.php?rest_route=%2Fwp%2Fv2%2Fmedia&parent=488"}],"curies":[{"name":"wp","href":"https:\/\/api.w.org\/{rel}","templated":true}]}}