{"id":213,"date":"2015-08-30T12:56:11","date_gmt":"2015-08-30T10:56:11","guid":{"rendered":"http:\/\/auto-wellness-forst.de\/?page_id=213"},"modified":"2019-10-30T14:10:43","modified_gmt":"2019-10-30T13:10:43","slug":"scheinwerfer-reparatur","status":"publish","type":"page","link":"https:\/\/auto-wellness-forst.de\/?page_id=213","title":{"rendered":"Scheinwerfer Aufbereitung"},"content":{"rendered":"<div class=\"uk-grid\" style=\"margin-top: 10px;\" data-uk-grid-margin=\"\">\n<div class=\"uk-width-large-1-1\">\n<div class=\"uk-grid\" style=\"background: #ffffff;\">\n<div class=\"uk-width-1-1 uk-text-center\" style=\"width: 100%; height: 450px;\">\n<h1 class=\"uk-h1\">\u00a0Kunststoff Scheinwerfer polieren<\/h1>\n<hr \/>\n<p><span style=\"font-size: 14pt;\"><strong>Preise auf Anfrage ab 50,00\u20ac je Seite<\/strong><\/span><\/p>\n<p>Scheinwerfer und Scheinwerfer Abdeckungen aus Kunststoff gab es bereits in den fr\u00fchen 60er Jahren. Werden sie stumpf, wird dies zum Problem \u2013 nicht nur, weil die Qualit\u00e4t des Nachtfahrlichts darunter leidet, sondern auch bei der technischen Abnahme.<\/p>\n<p><a href=\"https:\/\/auto-wellness-forst.de\/wp-content\/uploads\/2015\/08\/facebook_1440929661800.jpg\"><img loading=\"lazy\" decoding=\"async\" class=\"alignnone size-medium wp-image-217\" src=\"https:\/\/auto-wellness-forst.de\/wp-content\/uploads\/2015\/08\/facebook_1440929661800-300x169.jpg\" alt=\".facebook_1440929661800\" width=\"300\" height=\"169\" srcset=\"https:\/\/auto-wellness-forst.de\/wp-content\/uploads\/2015\/08\/facebook_1440929661800-300x169.jpg 300w, https:\/\/auto-wellness-forst.de\/wp-content\/uploads\/2015\/08\/facebook_1440929661800.jpg 960w\" sizes=\"auto, (max-width: 300px) 100vw, 300px\" \/><\/a><\/p>\n<p class=\"uk-h3\"><span style=\"font-size: 10pt;\"><span style=\"color: #000000;\">\u00a0<\/span><\/span><\/p>\n<\/div>\n<\/div>\n<\/div>\n<\/div>\n<div class=\"uk-grid\" style=\"margin-top: 0px;\" data-uk-grid-match=\"{row: false}\">\n<div class=\"uk-width-medium-1-1 uk-width-large-1-1\">\n<div class=\"uk-grid\" style=\"background-color: #ffffff; height: 100%;\">\n<div class=\"uk-width-1-6 uk-flex-middle uk-flex-center uk-text-center\"><\/div>\n<div class=\"uk-width-5-6\">\n<h2 class=\"uk-h3\">Fahrzeugabholungs-Service<\/h2>\n<p>Ab sofort bieten wir Ihnen auf Wunsch gegen Aufpreis f\u00fcr alle Dienstleistungen einen Fahrzeugabholservice an.<br \/>\nJe Wegstrecke hin\/zur\u00fcck : innerhalb Forst 5,00\u20ac \/ 1 Ortschaft (z.B. Weiher, Hambr\u00fccken, Bruchsal, Karlsdorf) 7,50\u20ac \/ 2 Ortschaften 10,00\u20ac\/ weitere Ortschaften auf Anfrage.<br \/>\n<span class=\"uk-text-primary\">Bei Glassch\u00e4den ist unser Abholservice selbstverst\u00e4ndlich <strong>kostenlos<\/strong> f\u00fcr Sie<\/span><\/p>\n<\/div>\n<\/div>\n<\/div>\n<\/div>\n<div class=\"uk-grid\" style=\"margin-top: 0px;\" data-uk-grid=\"\">\n<div class=\"uk-width-medium-1-1 uk-width-large-1-1\">\n<div class=\"uk-grid\" style=\"background-color: #ffffff; height: 100%;\">\n<div class=\"uk-width-1-1\">\n<h2 class=\"uk-h3\">Scheinwerfer vorbereitung<\/h2>\n<p><span style=\"font-size: 8pt;\"><i class=\"uk-icon-check-square uk-text-primary\"><\/i>Die Scheinwerfer in unserem Arbeits-Beispiel wurden f\u00fcr Lackierarbeiten mit einem Kreppband abgeklebt. Vermutlich war das Klettband bereits etwas \u00e4lter und so dampften die L\u00f6sungsmittel des Klebemittels aus und l\u00f6ste das Acryl an. Die Folge: eine Tr\u00fcbung. Der Besitzer versuchte schlie\u00dflich die Tr\u00fcbung mit einem L\u00f6sungsmittel zu beseitigen \u2013 mit fatalen Folgen: die Scheinwerfer erblindeten komplett.<br \/>\nWei\u00df der Fachmann Rat? Wir fanden ihn im Fachspezialisten Herrmann f\u00fcr KFZ Aufbereitung, M\u00fcnchen. Hier r\u00fcckte man dem Problem auf die Pelle.<br \/>\nDer Spezialist klebt den Lack rund um den Scheinwerfer mit einem Streifen Panzerband ab. Das wird den Lack beim Schleifen und Polieren sch\u00fctzen.<br \/>\nMit einem Rotationsschleifer (Schwung etwa 0,3 mm) wird mit einem 250er Schleifpapier die gesamte Oberfl\u00e4che des Scheinwerfers ohne gro\u00dfen Druck abgeschliffen. Die Oberfl\u00e4che muss absolut plan sein. Durch das Anl\u00f6sen des Plexiglases haben sich einige Unebenheiten gebildet. Ob die Fl\u00e4che absolut plan ist, sieht man im besten Falle wenn der Schleifstaub mit Druckluft abgeblasen wird. Eventuell muss die gesamte Oberfl\u00e4che nochmals geschliffen werden.<br \/>\nNun wird schrittweise das Acrylglas mit immer feiner werdenden Schleifpapier-Graden herunter geschliffen. Es wird immer nur mit leichtem Druck gearbeitet. Feinf\u00fchlig \u201etastet\u201c sich der Experte dem Ergebnis n\u00e4her. Es folgt noch ein Trockenschleifen mit einem 400er Papier. Anschlie\u00dfend beginnt die echte Handarbeit, die nun wirklich Ausdauer fordert. Mit einem 800er Schleifleinen wird das Glas gleichm\u00e4\u00dfig in rotierenden gro\u00dfz\u00fcgigen Bewegungen nass abgeschliffen. Zu langes Schleifen an einer Stelle sollte unbedingt vermieden werden, da sich ansonsten Unebenheiten bilden. Das Schleifleinen sollte auch immer glatt aufliegen und keinerlei Falten oder Knicke bilden.<\/span><\/p>\n<\/div>\n<\/div>\n<\/div>\n<div class=\"uk-width-medium-1-1 uk-width-large-1-1\">\n<div class=\"uk-grid\" style=\"background-color: #ffffff; height: 100%;\">\n<div class=\"uk-width-1-1\">\n<h2 class=\"uk-h3\">Scheinwerfer finish<\/h2>\n<p class=\"uk-h3\"><span style=\"font-size: 8pt;\">\u00a0<\/span><br \/>\n<span style=\"font-size: 8pt;\"> <i class=\"uk-icon-check-square uk-text-primary\"><\/i> <span style=\"color: #000000;\">Bevor nun auf das n\u00e4chste feinere Schleifleinen gewechselt wird, muss der Scheinwerfer gr\u00fcndlich vom Schleifstaub gereinigt werden. Zur\u00fcckbleibende Schleifk\u00f6rner k\u00f6nnen neue Kratzer verursachen.<\/span><br \/>\n<span style=\"color: #000000;\"> Nun wird auf ein 1000er Schleifleinen gewechselt. Die Schleifrichtung wird nun entgegen zu der vorhergehenden Richtung ge\u00e4ndert. Damit erreicht man ein noch viel feineres Schleifbild. Nach dem erneuten Reinigen des Scheinwerfers erfolgt noch ein letzter Nass-Schleif-Durchgang mit einem 2000er Schleifleinen. Jetzt beginnt man zu erkennen, dass sich die M\u00fche lohnt und das Scheinwerferglas wieder glatt und durchsichtig wird.<\/span><br \/>\n<span style=\"color: #000000;\"> Im n\u00e4chsten Schritt steigt der Fachmann wieder auf den Rotationsschleifer um und schleift die Scheibe nass mit einem 3000er Schleifschwamm. Auch hier wird das Acrylglas nur mit weichen kreisenden Bewegungen ohne viel Druck abgeschliffen. Dies schafft nun die Basis f\u00fcr das anschlie\u00dfende Polieren. Nochmals wird nun der Scheinwerfer gut abgewaschen und getrocknet.<\/span><br \/>\n<span style=\"color: #000000;\"> Den allerletzten Schliff bringt das Polieren mit einer Schleifpolitur. Der Profi tr\u00e4gt die Polierpaste auf einen weichen Polierschwamm auf und l\u00e4sst die Maschine erst einmal langsam anlaufen. Erst wenn sich die Polierpaste in einem leichten Film \u00fcber die gesamte Scheibe verteilt hat, steigert er die Rotationsgeschwindigkeit der Poliermaschine. Zu schnelles Rotieren der Schleifscheibe oder das Verharren auf einer Stelle f\u00fchrt zu einer erheblichen Erhitzung des Acryl Glases und im schlimmsten Fall zum Schmelzen des Acryls. Daher sollte die Rotation nicht h\u00f6her als 800 U\/min gew\u00e4hlt werden. Wichtig: beim Polieren darauf achten, dass die Maschine in gro\u00dfen Z\u00fcgen mit leichtem Druck \u00fcber das Glas gef\u00fchrt wird.<\/span><br \/>\n<span style=\"color: #000000;\"> Die matte F\u00e4rbung des Acryl-Glases verschwindet nun immer mehr und das Glas wird klar. Der Polierdurchgang kann durchaus noch zwei bis dreimal wiederholt werden. Im letzten Zug wird das Glas mit einer extrem feinen Politur mit UV Schutz aufpoliert. Letzter Schliff bekommt der Scheinwerfer durch unsere Keramik Versiegelung mit mind. Haltbarkeit von 12 Monaten. <\/span><\/span><\/p>\n<p class=\"uk-h3\"><span style=\"font-size: 8pt;\"><span style=\"color: #000000;\">Das Resultat: Ein glasklarer Scheinwerfer.<\/span><\/span><\/p>\n<\/div>\n<\/div>\n<\/div>\n<div class=\"uk-grid\" style=\"margin-top: 0px;\" data-uk-grid-match=\"{row: false}\">\n<div class=\"uk-width-medium-1-1 uk-width-large-1-1\">\n<div class=\"uk-grid\" style=\"background-color: #ffffff; height: 100%;\">\n<div class=\"uk-width-1-6 uk-flex-middle uk-flex-center uk-text-center\"><\/div>\n<div class=\"uk-width-5-6\">\n<h2 class=\"uk-h3\">Preisinformation<\/h2>\n<p><span class=\"uk-text-small\">Zuschlag f\u00fcr Mehraufwand bei Gr\u00f6\u00dfe max. 40,00 \u20ac. Preis\u00e4nderung vorbehalten. Preise gelten f\u00fcr normale PKW. Alle Preise verstehen sich inklusive 19 % MwSt.<\/span><\/p>\n<\/div>\n<\/div>\n<\/div>\n<\/div>\n<\/div>\n","protected":false},"excerpt":{"rendered":"<p>\u00a0Kunststoff Scheinwerfer polieren Preise auf Anfrage ab 50,00\u20ac je Seite Scheinwerfer und Scheinwerfer Abdeckungen aus Kunststoff gab es bereits in den fr\u00fchen 60er Jahren. Werden sie stumpf, wird dies zum Problem \u2013 nicht nur, weil die Qualit\u00e4t des Nachtfahrlichts darunter leidet, sondern auch bei der technischen Abnahme. \u00a0 Fahrzeugabholungs-Service Ab sofort bieten wir Ihnen auf Wunsch gegen Aufpreis f\u00fcr alle Dienstleistungen einen Fahrzeugabholservice an. Je Wegstrecke hin\/zur\u00fcck : innerhalb Forst 5,00\u20ac \/ 1 Ortschaft (z.B. Weiher, Hambr\u00fccken, Bruchsal, Karlsdorf) 7,50\u20ac \/ 2 Ortschaften 10,00\u20ac\/ weitere Ortschaften auf Anfrage. Bei Glassch\u00e4den ist unser Abholservice selbstverst\u00e4ndlich kostenlos f\u00fcr Sie Scheinwerfer vorbereitung Die &#8230;<\/p>\n","protected":false},"author":1,"featured_media":0,"parent":0,"menu_order":0,"comment_status":"closed","ping_status":"closed","template":"","meta":{"footnotes":""},"class_list":["post-213","page","type-page","status-publish","hentry"],"_links":{"self":[{"href":"https:\/\/auto-wellness-forst.de\/index.php?rest_route=\/wp\/v2\/pages\/213","targetHints":{"allow":["GET"]}}],"collection":[{"href":"https:\/\/auto-wellness-forst.de\/index.php?rest_route=\/wp\/v2\/pages"}],"about":[{"href":"https:\/\/auto-wellness-forst.de\/index.php?rest_route=\/wp\/v2\/types\/page"}],"author":[{"embeddable":true,"href":"https:\/\/auto-wellness-forst.de\/index.php?rest_route=\/wp\/v2\/users\/1"}],"replies":[{"embeddable":true,"href":"https:\/\/auto-wellness-forst.de\/index.php?rest_route=%2Fwp%2Fv2%2Fcomments&post=213"}],"version-history":[{"count":19,"href":"https:\/\/auto-wellness-forst.de\/index.php?rest_route=\/wp\/v2\/pages\/213\/revisions"}],"predecessor-version":[{"id":742,"href":"https:\/\/auto-wellness-forst.de\/index.php?rest_route=\/wp\/v2\/pages\/213\/revisions\/742"}],"wp:attachment":[{"href":"https:\/\/auto-wellness-forst.de\/index.php?rest_route=%2Fwp%2Fv2%2Fmedia&parent=213"}],"curies":[{"name":"wp","href":"https:\/\/api.w.org\/{rel}","templated":true}]}}