{"id":173,"date":"2015-08-30T10:54:46","date_gmt":"2015-08-30T08:54:46","guid":{"rendered":"http:\/\/auto-wellness-forst.de\/?page_id=173"},"modified":"2023-01-08T13:34:30","modified_gmt":"2023-01-08T12:34:30","slug":"hunde-zubehoer","status":"publish","type":"page","link":"https:\/\/auto-wellness-forst.de\/?page_id=173","title":{"rendered":"Hunde Kofferraumschutz"},"content":{"rendered":"<p><a href=\"https:\/\/auto-wellness-forst.de\/wp-content\/uploads\/2015\/08\/bootector_hund_1.jpg\"><img loading=\"lazy\" decoding=\"async\" class=\"size-medium wp-image-175 aligncenter\" src=\"https:\/\/auto-wellness-forst.de\/wp-content\/uploads\/2015\/08\/bootector_hund_1-300x224.jpg\" alt=\"bootector_hund_1\" width=\"300\" height=\"224\" srcset=\"https:\/\/auto-wellness-forst.de\/wp-content\/uploads\/2015\/08\/bootector_hund_1-300x224.jpg 300w, https:\/\/auto-wellness-forst.de\/wp-content\/uploads\/2015\/08\/bootector_hund_1.jpg 800w\" sizes=\"auto, (max-width: 300px) 100vw, 300px\" \/><\/a><\/p>\n<p>&nbsp;<\/p>\n<p><strong>BOOTECTOR\u00ae<br \/>\nDer ma\u00dfgeschneiderte Kofferraumschutz!<\/strong> <b>Ideal f\u00fcr Tierfreunde, Heimwerker, G\u00e4rtner &#8230;<\/b><\/p>\n<p>Hergestellt aus <b>hochwertiger, rei\u00dffester, wasserdichter Kunststoffplane<\/b>.<br \/>\nDie Befestigung im Fahrzeug erfolgt mittels selbsthaftender Klettverschl\u00fcsse und Karabinerhaken.<\/p>\n<ul>\n<li>Farbe schwarz.<\/li>\n<li>Kein Platzverlust im Kofferraum, wie bei billigen Universalabdeckungen!<\/li>\n<li>ma\u00dfgeschneidert und passgenau f\u00fcr das jeweilige Modell<\/li>\n<li>sch\u00fctzt Boden, Seitenteile und R\u00fccklehne vor Schmutz und Fl\u00fcssigkeiten<\/li>\n<li>wasserfest<\/li>\n<li>rei\u00dffest<\/li>\n<li>flexibel<\/li>\n<li>einfach zu reinigen<\/li>\n<li>Sitze bleiben weiterhin geteilt umklappbar<\/li>\n<li>durch \u00d6ffnung der Rei\u00dfverschl\u00fcsse kann die komplette oder ein Teil der Ladefl\u00e4che bis an die Vordersitze gesch\u00fctzt werden<\/li>\n<li>schnell und einfach ein- und auszubauen<\/li>\n<li>platzsparend zusammenfaltbar<\/li>\n<li>abnehmbarer Sto\u00dfstangenschutz inklusive<\/li>\n<\/ul>\n<p><span style=\"font-size: large;\">Produktvideo ansehen: <a href=\"http:\/\/youtu.be\/_gfewAwpi_o\" target=\"_blank\" rel=\"noopener\"><u><span style=\"color: #0066cc;\">Hier klicken (neues Fenster \u00f6ffnet sich)<\/span><\/u><\/a><\/span><\/p>\n<p><span style=\"font-size: 18pt;\"><del>149,00\u20ac<\/del> \u00a0\u00a0\u00a0 bei uns nur ab 134,90\u20ac<\/span><\/p>\n<hr \/>\n<p>&nbsp;<\/p>\n<p>&nbsp;<\/p>\n","protected":false},"excerpt":{"rendered":"<p>&nbsp; BOOTECTOR\u00ae Der ma\u00dfgeschneiderte Kofferraumschutz! Ideal f\u00fcr Tierfreunde, Heimwerker, G\u00e4rtner &#8230; Hergestellt aus hochwertiger, rei\u00dffester, wasserdichter Kunststoffplane. Die Befestigung im Fahrzeug erfolgt mittels selbsthaftender Klettverschl\u00fcsse und Karabinerhaken. Farbe schwarz. Kein Platzverlust im Kofferraum, wie bei billigen Universalabdeckungen! ma\u00dfgeschneidert und passgenau f\u00fcr das jeweilige Modell sch\u00fctzt Boden, Seitenteile und R\u00fccklehne vor Schmutz und Fl\u00fcssigkeiten wasserfest rei\u00dffest flexibel einfach zu reinigen Sitze bleiben weiterhin geteilt umklappbar durch \u00d6ffnung der Rei\u00dfverschl\u00fcsse kann die komplette oder ein Teil der Ladefl\u00e4che bis an die Vordersitze gesch\u00fctzt werden schnell und einfach ein- und auszubauen platzsparend zusammenfaltbar abnehmbarer Sto\u00dfstangenschutz inklusive Produktvideo ansehen: Hier klicken (neues Fenster \u00f6ffnet &#8230;<\/p>\n","protected":false},"author":1,"featured_media":0,"parent":0,"menu_order":0,"comment_status":"closed","ping_status":"closed","template":"","meta":{"footnotes":""},"class_list":["post-173","page","type-page","status-publish","hentry"],"_links":{"self":[{"href":"https:\/\/auto-wellness-forst.de\/index.php?rest_route=\/wp\/v2\/pages\/173","targetHints":{"allow":["GET"]}}],"collection":[{"href":"https:\/\/auto-wellness-forst.de\/index.php?rest_route=\/wp\/v2\/pages"}],"about":[{"href":"https:\/\/auto-wellness-forst.de\/index.php?rest_route=\/wp\/v2\/types\/page"}],"author":[{"embeddable":true,"href":"https:\/\/auto-wellness-forst.de\/index.php?rest_route=\/wp\/v2\/users\/1"}],"replies":[{"embeddable":true,"href":"https:\/\/auto-wellness-forst.de\/index.php?rest_route=%2Fwp%2Fv2%2Fcomments&post=173"}],"version-history":[{"count":9,"href":"https:\/\/auto-wellness-forst.de\/index.php?rest_route=\/wp\/v2\/pages\/173\/revisions"}],"predecessor-version":[{"id":771,"href":"https:\/\/auto-wellness-forst.de\/index.php?rest_route=\/wp\/v2\/pages\/173\/revisions\/771"}],"wp:attachment":[{"href":"https:\/\/auto-wellness-forst.de\/index.php?rest_route=%2Fwp%2Fv2%2Fmedia&parent=173"}],"curies":[{"name":"wp","href":"https:\/\/api.w.org\/{rel}","templated":true}]}}